{"id":10205,"date":"2023-02-09T11:08:00","date_gmt":"2023-02-09T08:08:00","guid":{"rendered":"https:\/\/summerdesign.ee\/toode\/triigitav-kleebis-neoonroheline\/"},"modified":"2025-11-03T03:00:10","modified_gmt":"2025-11-03T00:00:10","slug":"triigitav-kleebis-neoonroheline","status":"publish","type":"product","link":"https:\/\/summerdesign.ee\/en\/pood\/triigitav-kleebis\/sileda-pinnaga\/triigitav-kleebis-neoonroheline\/","title":{"rendered":"Triigitav kleebis &#8211; neoonroheline"},"content":{"rendered":"<p><span style=\", Helvetica, sans-serif\">Triigitav kleebis on \u00f5huke ja paidlik ning vastupidav. Sobib suurep\u00e4raselt kergete aktiivr\u00f5ivaste, kottide jne disainimiseks.<\/span><br style=\", Helvetica, sans-serif\" \/><br \/>\n<br style=\", Helvetica, sans-serif\" \/><br \/>\n<span style=\", Helvetica, sans-serif\">Triigitav kleebis on kaheosaline: pealmine osa on l\u00f5igatav ja triigitav ning alumine osa on \u00fclekandekile, mis hoiab triigitava kleebise \u00fclekandmise ajal paigal. Poolmatt viimistlus. Ei sobi kihiliste kahev\u00e4rviliste kujunduste jaoks.<\/span><br style=\", Helvetica, sans-serif\" \/><br \/>\n<br style=\", Helvetica, sans-serif\" \/><br \/>\n<span style=\", Helvetica, sans-serif\">Pressimise temperatuur ja aeg: 130kraadi 10sekundit. Pealmine kile eemaldada kuumalt!<br \/>\nIron-on sticker and fabric compatibility: 100% cotton, 100% polyester, cotton and polyester blends, lycra and spandex blends and nylon.<br \/>\nHooldus: Masinpesu max 40<\/span><span style=\", Helvetica, sans-serif;font-size: 12px\"><span style=\"font-family: sans-serif\">\u00b0C<\/span><\/span><span style=\", Helvetica, sans-serif\"><span style=\"font-size: 12px\">&nbsp;<\/span>seestpoolt, kasutades pehmet pesuvahendit.<\/span><br style=\", Helvetica, sans-serif\" \/><br \/>\n<br style=\", Helvetica, sans-serif\" \/><br \/>\n<span style=\", Helvetica, sans-serif\">\u00c4rge kasutage valgendit, kuivatit! \u00c4rge puhastage keemiliselt. See k\u00f5ik tagab pikaajalise vastupidavuse kujundusele.<\/span><\/p>","protected":false},"excerpt":{"rendered":"<p>Triigitav kleebis on \u00f5huke ja paidlik ning vastupidav. Sobib suurep\u00e4raselt kergete aktiivr\u00f5ivaste, kottide jne disainimiseks. Triigitav kleebis on kaheosaline: pealmine osa on l\u00f5igatav ja triigitav ning alumine osa on \u00fclekandekile, mis hoiab triigitava kleebise \u00fclekandmise ajal paigal. Poolmatt viimistlus. Ei sobi kihiliste kahev\u00e4rviliste kujunduste jaoks. Pressimise temperatuur ja aeg: 130kraadi 10sekundit. Pealmine kile eemaldada kuumalt!<\/p>","protected":false},"featured_media":10231,"template":"","meta":[],"product_brand":[],"product_cat":[533],"product_tag":[],"class_list":{"0":"post-10205","1":"product","2":"type-product","3":"status-publish","4":"has-post-thumbnail","6":"product_cat-sileda-pinnaga","8":"first","9":"instock","10":"taxable","11":"shipping-taxable","12":"purchasable","13":"product-type-simple","14":"prodpage-classic"},"_links":{"self":[{"href":"https:\/\/summerdesign.ee\/en\/wp-json\/wp\/v2\/product\/10205","targetHints":{"allow":["GET"]}}],"collection":[{"href":"https:\/\/summerdesign.ee\/en\/wp-json\/wp\/v2\/product"}],"about":[{"href":"https:\/\/summerdesign.ee\/en\/wp-json\/wp\/v2\/types\/product"}],"wp:featuredmedia":[{"embeddable":true,"href":"https:\/\/summerdesign.ee\/en\/wp-json\/wp\/v2\/media\/10231"}],"wp:attachment":[{"href":"https:\/\/summerdesign.ee\/en\/wp-json\/wp\/v2\/media?parent=10205"}],"wp:term":[{"taxonomy":"product_brand","embeddable":true,"href":"https:\/\/summerdesign.ee\/en\/wp-json\/wp\/v2\/product_brand?post=10205"},{"taxonomy":"product_cat","embeddable":true,"href":"https:\/\/summerdesign.ee\/en\/wp-json\/wp\/v2\/product_cat?post=10205"},{"taxonomy":"product_tag","embeddable":true,"href":"https:\/\/summerdesign.ee\/en\/wp-json\/wp\/v2\/product_tag?post=10205"}],"curies":[{"name":"wp","href":"https:\/\/api.w.org\/{rel}","templated":true}]}}