{"id":10136,"date":"2023-02-06T12:38:35","date_gmt":"2023-02-06T09:38:35","guid":{"rendered":"https:\/\/summerdesign.ee\/toode\/sulearvuti-dokumendikott-tumehall\/"},"modified":"2026-01-03T11:31:57","modified_gmt":"2026-01-03T08:31:57","slug":"sulearvuti-dokumendikott-tumehall","status":"publish","type":"product","link":"https:\/\/summerdesign.ee\/en\/pood\/ettetellimine\/vildist-tooted-tellimisega\/sulearvuti-dokumendikott-tumehall\/","title":{"rendered":"Vildist s\u00fclearvuti dokumendikott &#8211; tumehall"},"content":{"rendered":"<p>Vildist kott, mis sulgub kr\u00f5psuga (takjarida). Kotil suurem ja v\u00e4iksem sahtel.<\/p>","protected":false},"excerpt":{"rendered":"<p>M\u00f5\u00f5t: 41,5 x 28 cm <\/p>","protected":false},"featured_media":10150,"template":"","meta":[],"product_brand":[],"product_cat":[624],"product_tag":[],"class_list":{"0":"post-10136","1":"product","2":"type-product","3":"status-publish","4":"has-post-thumbnail","6":"product_cat-vildist-tooted-tellimisega","8":"first","9":"onbackorder","10":"taxable","11":"shipping-taxable","12":"purchasable","13":"product-type-simple","14":"prodpage-classic"},"_links":{"self":[{"href":"https:\/\/summerdesign.ee\/en\/wp-json\/wp\/v2\/product\/10136","targetHints":{"allow":["GET"]}}],"collection":[{"href":"https:\/\/summerdesign.ee\/en\/wp-json\/wp\/v2\/product"}],"about":[{"href":"https:\/\/summerdesign.ee\/en\/wp-json\/wp\/v2\/types\/product"}],"wp:featuredmedia":[{"embeddable":true,"href":"https:\/\/summerdesign.ee\/en\/wp-json\/wp\/v2\/media\/10150"}],"wp:attachment":[{"href":"https:\/\/summerdesign.ee\/en\/wp-json\/wp\/v2\/media?parent=10136"}],"wp:term":[{"taxonomy":"product_brand","embeddable":true,"href":"https:\/\/summerdesign.ee\/en\/wp-json\/wp\/v2\/product_brand?post=10136"},{"taxonomy":"product_cat","embeddable":true,"href":"https:\/\/summerdesign.ee\/en\/wp-json\/wp\/v2\/product_cat?post=10136"},{"taxonomy":"product_tag","embeddable":true,"href":"https:\/\/summerdesign.ee\/en\/wp-json\/wp\/v2\/product_tag?post=10136"}],"curies":[{"name":"wp","href":"https:\/\/api.w.org\/{rel}","templated":true}]}}