{"id":10060,"date":"2023-01-31T11:49:16","date_gmt":"2023-01-31T08:49:16","guid":{"rendered":"https:\/\/summerdesign.ee\/toode\/valjaloiked-glitter-mint-5tk-liblikad\/"},"modified":"2025-10-21T20:26:35","modified_gmt":"2025-10-21T17:26:35","slug":"valjaloiked-glitter-mint-5tk-liblikad","status":"publish","type":"product","link":"https:\/\/summerdesign.ee\/en\/pood\/paber\/paber-valjaloiked\/valjaloiked-glitter-mint-5tk-liblikad\/","title":{"rendered":"V\u00e4ljal\u00f5iked glitter mint 5tk &#8211; liblikad"},"content":{"rendered":"<p>Sobivad liimimiseks n\u00e4iteks kaardile, lapsetoa seinale v\u00f5i pildiraamile dekoratsiooniks vms.&nbsp;<\/p>","protected":false},"excerpt":{"rendered":"<p>Pakis on 5 erineva suurusega liblikat.<br \/>\nTiivalaius 3cm, 4cm, 5cm, 6cm, 7cm <\/p>","protected":false},"featured_media":10059,"template":"","meta":[],"product_brand":[],"product_cat":[280],"product_tag":[],"class_list":{"0":"post-10060","1":"product","2":"type-product","3":"status-publish","4":"has-post-thumbnail","6":"product_cat-paber-valjaloiked","8":"first","9":"outofstock","10":"taxable","11":"shipping-taxable","12":"purchasable","13":"product-type-simple","14":"prodpage-classic"},"_links":{"self":[{"href":"https:\/\/summerdesign.ee\/en\/wp-json\/wp\/v2\/product\/10060","targetHints":{"allow":["GET"]}}],"collection":[{"href":"https:\/\/summerdesign.ee\/en\/wp-json\/wp\/v2\/product"}],"about":[{"href":"https:\/\/summerdesign.ee\/en\/wp-json\/wp\/v2\/types\/product"}],"wp:featuredmedia":[{"embeddable":true,"href":"https:\/\/summerdesign.ee\/en\/wp-json\/wp\/v2\/media\/10059"}],"wp:attachment":[{"href":"https:\/\/summerdesign.ee\/en\/wp-json\/wp\/v2\/media?parent=10060"}],"wp:term":[{"taxonomy":"product_brand","embeddable":true,"href":"https:\/\/summerdesign.ee\/en\/wp-json\/wp\/v2\/product_brand?post=10060"},{"taxonomy":"product_cat","embeddable":true,"href":"https:\/\/summerdesign.ee\/en\/wp-json\/wp\/v2\/product_cat?post=10060"},{"taxonomy":"product_tag","embeddable":true,"href":"https:\/\/summerdesign.ee\/en\/wp-json\/wp\/v2\/product_tag?post=10060"}],"curies":[{"name":"wp","href":"https:\/\/api.w.org\/{rel}","templated":true}]}}