{"id":10032,"date":"2023-01-29T18:04:37","date_gmt":"2023-01-29T15:04:37","guid":{"rendered":"https:\/\/summerdesign.ee\/toode\/votmehoidja-umar-helesinine\/"},"modified":"2025-10-23T13:50:43","modified_gmt":"2025-10-23T10:50:43","slug":"votmehoidja-umar-helesinine","status":"publish","type":"product","link":"https:\/\/summerdesign.ee\/en\/pood\/ettetellimine\/votmehoidjad-tellimisega\/votmehoidja-umar-helesinine\/","title":{"rendered":"V\u00f5tmehoidja \u00fcmar 3 tk &#8211; helesinine"},"content":{"rendered":"<p><span style=\", Helvetica, sans-serif\">Saffiano peeneteraline kunstnahast v\u00f5tmehoidja, millele saab lisada triigitavate materjalidega soovitud kaunistusi v\u00f5i personaliseerida nime v\u00f5i nimet\u00e4htedega.<\/span><\/p>","protected":false},"excerpt":{"rendered":"<p>Materjal: Saffiano peeneteraline kunstnahk<br \/>\nM\u00f5\u00f5t: \u00d8 7 cm<\/p>","protected":false},"featured_media":10727,"template":"","meta":[],"product_brand":[],"product_cat":[622],"product_tag":[],"class_list":{"0":"post-10032","1":"product","2":"type-product","3":"status-publish","4":"has-post-thumbnail","6":"product_cat-votmehoidjad-tellimisega","8":"first","9":"onbackorder","10":"taxable","11":"shipping-taxable","12":"purchasable","13":"product-type-simple","14":"prodpage-classic"},"_links":{"self":[{"href":"https:\/\/summerdesign.ee\/en\/wp-json\/wp\/v2\/product\/10032","targetHints":{"allow":["GET"]}}],"collection":[{"href":"https:\/\/summerdesign.ee\/en\/wp-json\/wp\/v2\/product"}],"about":[{"href":"https:\/\/summerdesign.ee\/en\/wp-json\/wp\/v2\/types\/product"}],"wp:featuredmedia":[{"embeddable":true,"href":"https:\/\/summerdesign.ee\/en\/wp-json\/wp\/v2\/media\/10727"}],"wp:attachment":[{"href":"https:\/\/summerdesign.ee\/en\/wp-json\/wp\/v2\/media?parent=10032"}],"wp:term":[{"taxonomy":"product_brand","embeddable":true,"href":"https:\/\/summerdesign.ee\/en\/wp-json\/wp\/v2\/product_brand?post=10032"},{"taxonomy":"product_cat","embeddable":true,"href":"https:\/\/summerdesign.ee\/en\/wp-json\/wp\/v2\/product_cat?post=10032"},{"taxonomy":"product_tag","embeddable":true,"href":"https:\/\/summerdesign.ee\/en\/wp-json\/wp\/v2\/product_tag?post=10032"}],"curies":[{"name":"wp","href":"https:\/\/api.w.org\/{rel}","templated":true}]}}