{"id":9361,"date":"2023-01-01T14:15:03","date_gmt":"2023-01-01T11:15:03","guid":{"rendered":"https:\/\/summerdesign.ee\/?page_id=9361"},"modified":"2025-10-04T11:42:58","modified_gmt":"2025-10-04T08:42:58","slug":"kkk","status":"publish","type":"page","link":"https:\/\/summerdesign.ee\/en\/kkk\/","title":{"rendered":"KKK"},"content":{"rendered":"<p class=\"has-medium-font-size\">1. <strong>Millisesse firma pakiautomaati paki saab tellida ja palju transport maksab?<\/strong><\/p>\n\n\n\n<p class=\"has-small-font-size\">V: Pakke edastame Smartposti ja Omniva pakiautomaatide vahendusel. <br>Smartposti pakiautoomaat 4.00 \u20ac<br>Omniva pakiautomaat 4.00 \u20ac<br>Omniva pakihoid Kadaka Selveri pakiautomaat 4.00 \u20ac<\/p>\n\n\n\n<p class=\"has-medium-font-size\"><strong>2. Millal toimub tellimuse postitamine?<\/strong><\/p>\n\n\n\n<p class=\"has-small-font-size\"><strong>V:<\/strong> Tellimusi postitame t\u00f6\u00f6p\u00e4evadel ja pannakse teele 1-2 t\u00f6\u00f6p\u00e4eva jooksul peale arve tasumisest.&nbsp;<br>     Postitamine&nbsp;v\u00f5ib nihkuda paari p\u00e4eva raames olenevalt p\u00fchadest ja etten\u00e4gematutest asjaoludest. Riigip\u00fchadel postitamisi ei toimu!<\/p>\n\n\n\n<p class=\"has-medium-font-size\"><strong>3. Kas tellimus on v\u00f5imalik tellida kulleriga soovitud aadressile?<\/strong><\/p>\n\n\n\n<p class=\"has-small-font-size\"><strong>V:<\/strong> Jah on k\u00fcll. Pakume Omniva kulleriteenust ja saatmistasu on 9.90\u20ac. Kulleriteenuse tellimiseks palume kirjutada info@summerdesign.ee.<\/p>\n\n\n\n<p class=\"has-medium-font-size\"><strong><mark style=\"background-color:rgba(0, 0, 0, 0)\" class=\"has-inline-color has-black-color\">4. Kas Summer Design e-poes on p\u00fcsikliendile soodustust?<\/mark><\/strong><\/p>\n\n\n\n<p class=\"has-small-font-size\"><strong>V:<\/strong> Kui olete v\u00e4hemalt kolm ostu meilt teinud, siis lisame p\u00fcsikliendiks ja pakume t\u00e4ishinnaga toodetele -5%. Selleks kirjutage     info@summerdesign.ee ning edastame p\u00fcsikliendi koodi.<\/p>\n\n\n\n<p class=\"has-medium-font-size\"><strong>5. Kas suuremas koguses SD triigitavaid ja SD vin\u00fc\u00fclkleebiseid ostes on v\u00f5imalik saada suuremat  soodustust?<\/strong><\/p>\n\n\n\n<p class=\"has-small-font-size\"> <strong>V:<\/strong>  Jah on k\u00fcll,  3 rulli (sama v\u00e4rv) -10%, 5 rulli (sama v\u00e4rv) -15%. <br>       Soodustuse saamiseks vali tasumisel maksmine panga\u00fclekandega ja edastame arve tasumiseks, millele on lisatud soodustus!<\/p>\n\n\n\n<p class=\"has-medium-font-size\"><strong>6. Kas SD triigitavaid kleebiseid on v\u00f5imalik osta suuremas koguses kui e-poe laoseis n\u00e4itab?<\/strong><\/p>\n\n\n\n<p class=\"has-small-font-size\">V: Jah on k\u00fcll. E-poe laoseis on see, mida saame samal t\u00f6\u00f6p\u00e4eval postitada. Sileda ja sametise pinnaga rullid asuvad eraldi laos ja 2-3 t\u00f6\u00f6p\u00e4eva jooksul saame suurema koguse postitada. Glitter pinnaga triigitavaid tellime v\u00e4iksemas koguses endale lattu ja kui on soov seda suuremas koguses, siis tehasest tellimise ooteaeg on kuskil 2 n\u00e4dalat! Kui e-poest ei saa tellimust esitada, siis kirjutage info@summerdesign.ee oma soovidega ja vastame esimesel v\u00f5imalusel t\u00f6\u00f6p\u00e4evadel!<\/p>\n\n\n\n<p class=\"has-medium-font-size\"><strong>7. Kas toodete eest on v\u00f5imalik tasuda e-arvega?<\/strong><\/p>\n\n\n\n<p class=\"has-small-font-size\"><strong>V:<\/strong> Jah on k\u00fcll. Pakume e-arvega tasumise v\u00f5imalust koolidele, lasteaedadele ja teistele asutustele, kus toimub arvete tasumine e-arvete alusel. <\/p>\n\n\n\n<p class=\"has-small-font-size\">M\u00e4rkuste lahtrisse lisage t\u00e4psed andmed:<\/p>\n\n\n\n<ul class=\"wp-block-list\">\n<li class=\"has-small-font-size\">Arve tasuja ja registri kood<\/li>\n\n\n\n<li class=\"has-small-font-size\">Kauba saaja<\/li>\n\n\n\n<li class=\"has-small-font-size\">Makset\u00e4htaja soov 7 p\u00e4eva, 14 p\u00e4eva, 21 p\u00e4eva.<\/li>\n<\/ul>","protected":false},"excerpt":{"rendered":"<p>1. Millisesse firma pakiautomaati paki saab tellida ja palju transport maksab? V: Pakke edastame Smartposti ja Omniva pakiautomaatide vahendusel. Smartposti pakiautoomaat 4.00 \u20acOmniva pakiautomaat 4.00 \u20acOmniva pakihoid Kadaka Selveri pakiautomaat 4.00 \u20ac 2. Millal toimub tellimuse postitamine? V: Tellimusi postitame t\u00f6\u00f6p\u00e4evadel ja pannakse teele 1-2 t\u00f6\u00f6p\u00e4eva jooksul peale arve tasumisest.&nbsp; Postitamine&nbsp;v\u00f5ib nihkuda paari p\u00e4eva raames<\/p>","protected":false},"author":2,"featured_media":0,"parent":0,"menu_order":0,"comment_status":"closed","ping_status":"closed","template":"","meta":{"footnotes":""},"class_list":["post-9361","page","type-page","status-publish","hentry","prodpage-classic"],"_links":{"self":[{"href":"https:\/\/summerdesign.ee\/en\/wp-json\/wp\/v2\/pages\/9361","targetHints":{"allow":["GET"]}}],"collection":[{"href":"https:\/\/summerdesign.ee\/en\/wp-json\/wp\/v2\/pages"}],"about":[{"href":"https:\/\/summerdesign.ee\/en\/wp-json\/wp\/v2\/types\/page"}],"author":[{"embeddable":true,"href":"https:\/\/summerdesign.ee\/en\/wp-json\/wp\/v2\/users\/2"}],"replies":[{"embeddable":true,"href":"https:\/\/summerdesign.ee\/en\/wp-json\/wp\/v2\/comments?post=9361"}],"version-history":[{"count":39,"href":"https:\/\/summerdesign.ee\/en\/wp-json\/wp\/v2\/pages\/9361\/revisions"}],"predecessor-version":[{"id":20752,"href":"https:\/\/summerdesign.ee\/en\/wp-json\/wp\/v2\/pages\/9361\/revisions\/20752"}],"wp:attachment":[{"href":"https:\/\/summerdesign.ee\/en\/wp-json\/wp\/v2\/media?parent=9361"}],"curies":[{"name":"wp","href":"https:\/\/api.w.org\/{rel}","templated":true}]}}