{"id":431,"date":"2021-07-05T08:50:05","date_gmt":"2021-07-05T08:50:05","guid":{"rendered":"https:\/\/summerdesign.ee\/?page_id=431"},"modified":"2022-08-23T19:24:48","modified_gmt":"2022-08-23T19:24:48","slug":"toorikud","status":"publish","type":"page","link":"https:\/\/summerdesign.ee\/en\/toorikud\/","title":{"rendered":"BLANKS"},"content":{"rendered":"<h1 class=\"wp-block-heading\"><\/h1>\n\n\n<div class=\"woocommerce columns-4\"><ul class=\"products columns-4\">\n<li class=\"prodpage-classic product type-product post-21384 status-publish first instock product_cat-toorikud has-post-thumbnail taxable shipping-taxable purchasable product-type-simple\">\n\t\t<div class=\"product-list-item text-custom-parent-hov prod-layout-classic\">\n<a href=\"https:\/\/summerdesign.ee\/en\/pood\/tarvikud\/toorikud\/labipaistev-akruulist-toorik-5-tk-3\/\" class=\"woocommerce-LoopProduct-link woocommerce-loop-product__link\">\t<div class=\"zn_badge_container\">\n\t\t\t<\/div>\n<span class=\"kw-prodimage\"><img loading=\"lazy\" decoding=\"async\" width=\"999\" height=\"999\" src=\"https:\/\/summerdesign.ee\/wp-content\/uploads\/2025\/10\/LAT4-5x14-5.png\" class=\"kw-prodimage-img\" alt=\"LAT4-5x14-5\" srcset=\"https:\/\/summerdesign.ee\/wp-content\/uploads\/2025\/10\/LAT4-5x14-5.png 999w, https:\/\/summerdesign.ee\/wp-content\/uploads\/2025\/10\/LAT4-5x14-5-300x300.png 300w, https:\/\/summerdesign.ee\/wp-content\/uploads\/2025\/10\/LAT4-5x14-5-150x150.png 150w, https:\/\/summerdesign.ee\/wp-content\/uploads\/2025\/10\/LAT4-5x14-5-768x768.png 768w, https:\/\/summerdesign.ee\/wp-content\/uploads\/2025\/10\/LAT4-5x14-5-12x12.png 12w, https:\/\/summerdesign.ee\/wp-content\/uploads\/2025\/10\/LAT4-5x14-5-187x187.png 187w, https:\/\/summerdesign.ee\/wp-content\/uploads\/2025\/10\/LAT4-5x14-5-600x600.png 600w, https:\/\/summerdesign.ee\/wp-content\/uploads\/2025\/10\/LAT4-5x14-5-100x100.png 100w\" sizes=\"auto, (max-width: 999px) 100vw, 999px\" \/><\/span>\t<div class=\"kw-details clearfix\">\n\t\t<h3 class=\"kw-details-title text-custom-child\" itemprop=\"headline\" >L\u00e4bipaistev akr\u00fc\u00fclist toorik 4 tk<\/h3>\n<div class=\"kw-details-desc\"><p>Tarneaeg: 1-3 t\u00f6\u00f6p\u00e4eva<\/p>\n<\/div>\n\t<span class=\"price\"><span class=\"woocommerce-Price-amount amount\"><bdi><span class=\"woocommerce-Price-currencySymbol\">&euro;<\/span>1.60<\/bdi><\/span><\/span>\n\t<\/div> <!-- Close details clearfix -->\n\t<\/a><span class=\"kw-actions\"><a href=\"\/en\/wp-json\/wp\/v2\/pages\/431?add-to-cart=21384\" aria-describedby=\"woocommerce_loop_add_to_cart_link_describedby_21384\" data-quantity=\"1\" class=\"actions-addtocart  product_type_simple add_to_cart_button ajax_add_to_cart\" data-product_id=\"21384\" data-product_sku=\"LAT4.5x14.5\" aria-label=\"Add to basket: \u201cL\u00e4bipaistev akr\u00fc\u00fclist toorik 4 tk\u201d\" rel=\"nofollow\" data-success_message=\"\u201cL\u00e4bipaistev akr\u00fc\u00fclist toorik 4 tk\u201d has been added to your basket\" role=\"button\" data-no-translation=\"\" data-trp-gettext=\"\" data-no-translation-aria-label=\"\" data-no-translation-data-success_message=\"\">Add to basket<\/a><a class=\"actions-moreinfo\" href=\"https:\/\/summerdesign.ee\/en\/pood\/tarvikud\/toorikud\/labipaistev-akruulist-toorik-5-tk-3\/\" title=\"MORE INFO\">MORE INFO<\/a><\/span>\t<span id=\"woocommerce_loop_add_to_cart_link_describedby_21384\" class=\"screen-reader-text\">\n\t\t\t<\/span>\n\t<\/div> <!-- Close product-list-item -->\n<\/li>\n<li class=\"prodpage-classic product type-product post-21382 status-publish instock product_cat-toorikud has-post-thumbnail taxable shipping-taxable purchasable product-type-simple\">\n\t\t<div class=\"product-list-item text-custom-parent-hov prod-layout-classic\">\n<a href=\"https:\/\/summerdesign.ee\/en\/pood\/tarvikud\/toorikud\/labipaistev-akruulist-toorik-5-tk-2\/\" class=\"woocommerce-LoopProduct-link woocommerce-loop-product__link\">\t<div class=\"zn_badge_container\">\n\t\t\t<\/div>\n<span class=\"kw-prodimage\"><img loading=\"lazy\" decoding=\"async\" width=\"999\" height=\"999\" src=\"https:\/\/summerdesign.ee\/wp-content\/uploads\/2025\/10\/LAT38x12.png\" class=\"kw-prodimage-img\" alt=\"LAT38x12\" srcset=\"https:\/\/summerdesign.ee\/wp-content\/uploads\/2025\/10\/LAT38x12.png 999w, https:\/\/summerdesign.ee\/wp-content\/uploads\/2025\/10\/LAT38x12-300x300.png 300w, https:\/\/summerdesign.ee\/wp-content\/uploads\/2025\/10\/LAT38x12-150x150.png 150w, https:\/\/summerdesign.ee\/wp-content\/uploads\/2025\/10\/LAT38x12-768x768.png 768w, https:\/\/summerdesign.ee\/wp-content\/uploads\/2025\/10\/LAT38x12-12x12.png 12w, https:\/\/summerdesign.ee\/wp-content\/uploads\/2025\/10\/LAT38x12-187x187.png 187w, https:\/\/summerdesign.ee\/wp-content\/uploads\/2025\/10\/LAT38x12-600x600.png 600w, https:\/\/summerdesign.ee\/wp-content\/uploads\/2025\/10\/LAT38x12-100x100.png 100w\" sizes=\"auto, (max-width: 999px) 100vw, 999px\" \/><\/span>\t<div class=\"kw-details clearfix\">\n\t\t<h3 class=\"kw-details-title text-custom-child\" itemprop=\"headline\" >L\u00e4bipaistev akr\u00fc\u00fclist toorik 5 tk<\/h3>\n<div class=\"kw-details-desc\"><p>Tarneaeg: 1-3 t\u00f6\u00f6p\u00e4eva<\/p>\n<\/div>\n\t<span class=\"price\"><span class=\"woocommerce-Price-amount amount\"><bdi><span class=\"woocommerce-Price-currencySymbol\">&euro;<\/span>1.60<\/bdi><\/span><\/span>\n\t<\/div> <!-- Close details clearfix -->\n\t<\/a><span class=\"kw-actions\"><a href=\"\/en\/wp-json\/wp\/v2\/pages\/431?add-to-cart=21382\" aria-describedby=\"woocommerce_loop_add_to_cart_link_describedby_21382\" data-quantity=\"1\" class=\"actions-addtocart  product_type_simple add_to_cart_button ajax_add_to_cart\" data-product_id=\"21382\" data-product_sku=\"LAT3.8x12\" aria-label=\"Add to basket: \u201cL\u00e4bipaistev akr\u00fc\u00fclist toorik 5 tk\u201d\" rel=\"nofollow\" data-success_message=\"\u201cL\u00e4bipaistev akr\u00fc\u00fclist toorik 5 tk\u201d has been added to your basket\" role=\"button\" data-no-translation=\"\" data-trp-gettext=\"\" data-no-translation-aria-label=\"\" data-no-translation-data-success_message=\"\">Add to basket<\/a><a class=\"actions-moreinfo\" href=\"https:\/\/summerdesign.ee\/en\/pood\/tarvikud\/toorikud\/labipaistev-akruulist-toorik-5-tk-2\/\" title=\"MORE INFO\">MORE INFO<\/a><\/span>\t<span id=\"woocommerce_loop_add_to_cart_link_describedby_21382\" class=\"screen-reader-text\">\n\t\t\t<\/span>\n\t<\/div> <!-- Close product-list-item -->\n<\/li>\n<li class=\"prodpage-classic product type-product post-20365 status-publish instock product_cat-toorikud has-post-thumbnail taxable shipping-taxable purchasable product-type-simple\">\n\t\t<div class=\"product-list-item text-custom-parent-hov prod-layout-classic\">\n<a href=\"https:\/\/summerdesign.ee\/en\/pood\/tarvikud\/toorikud\/plasku-kunstnahast-umbrisega-100-ml\/\" class=\"woocommerce-LoopProduct-link woocommerce-loop-product__link\">\t<div class=\"zn_badge_container\">\n\t\t\t<\/div>\n<span class=\"kw-prodimage\"><img loading=\"lazy\" decoding=\"async\" width=\"800\" height=\"800\" src=\"https:\/\/summerdesign.ee\/wp-content\/uploads\/2025\/07\/Plasku-100-ml.jpg\" class=\"kw-prodimage-img\" alt=\"Plasku-100-ml\" srcset=\"https:\/\/summerdesign.ee\/wp-content\/uploads\/2025\/07\/Plasku-100-ml.jpg 800w, https:\/\/summerdesign.ee\/wp-content\/uploads\/2025\/07\/Plasku-100-ml-300x300.jpg 300w, https:\/\/summerdesign.ee\/wp-content\/uploads\/2025\/07\/Plasku-100-ml-150x150.jpg 150w, https:\/\/summerdesign.ee\/wp-content\/uploads\/2025\/07\/Plasku-100-ml-768x768.jpg 768w, https:\/\/summerdesign.ee\/wp-content\/uploads\/2025\/07\/Plasku-100-ml-12x12.jpg 12w, https:\/\/summerdesign.ee\/wp-content\/uploads\/2025\/07\/Plasku-100-ml-187x187.jpg 187w, https:\/\/summerdesign.ee\/wp-content\/uploads\/2025\/07\/Plasku-100-ml-600x600.jpg 600w, https:\/\/summerdesign.ee\/wp-content\/uploads\/2025\/07\/Plasku-100-ml-100x100.jpg 100w\" sizes=\"auto, (max-width: 800px) 100vw, 800px\" \/><img loading=\"lazy\" decoding=\"async\" width=\"400\" height=\"400\" src=\"https:\/\/summerdesign.ee\/wp-content\/uploads\/2025\/07\/Plasku-100-ml-tagumine-pool.jpg\" class=\"kw-prodimage-img-secondary\" alt=\"Plasku-100-ml-tagumine-pool\" srcset=\"https:\/\/summerdesign.ee\/wp-content\/uploads\/2025\/07\/Plasku-100-ml-tagumine-pool.jpg 400w, https:\/\/summerdesign.ee\/wp-content\/uploads\/2025\/07\/Plasku-100-ml-tagumine-pool-300x300.jpg 300w, https:\/\/summerdesign.ee\/wp-content\/uploads\/2025\/07\/Plasku-100-ml-tagumine-pool-150x150.jpg 150w, https:\/\/summerdesign.ee\/wp-content\/uploads\/2025\/07\/Plasku-100-ml-tagumine-pool-12x12.jpg 12w, https:\/\/summerdesign.ee\/wp-content\/uploads\/2025\/07\/Plasku-100-ml-tagumine-pool-187x187.jpg 187w, https:\/\/summerdesign.ee\/wp-content\/uploads\/2025\/07\/Plasku-100-ml-tagumine-pool-100x100.jpg 100w\" sizes=\"auto, (max-width: 400px) 100vw, 400px\" \/><\/span>\t<div class=\"kw-details clearfix\">\n\t\t<h3 class=\"kw-details-title text-custom-child\" itemprop=\"headline\" >Pl\u00e4sku kunstnahast \u00fcmbrisega 100 ml<\/h3>\n<div class=\"kw-details-desc\"><p>M\u00f5\u00f5dud: 7 x 2 x 9,5 cm<br \/>\nMaht: 100 ml<\/p>\n<\/div>\n\t<span class=\"price\"><span class=\"woocommerce-Price-amount amount\"><bdi><span class=\"woocommerce-Price-currencySymbol\">&euro;<\/span>4.50<\/bdi><\/span><\/span>\n\t<\/div> <!-- Close details clearfix -->\n\t<\/a><span class=\"kw-actions\"><a href=\"\/en\/wp-json\/wp\/v2\/pages\/431?add-to-cart=20365\" aria-describedby=\"woocommerce_loop_add_to_cart_link_describedby_20365\" data-quantity=\"1\" class=\"actions-addtocart  product_type_simple add_to_cart_button ajax_add_to_cart\" data-product_id=\"20365\" data-product_sku=\"SD42916\" aria-label=\"Add to basket: \u201cPl\u00e4sku kunstnahast \u00fcmbrisega 100 ml\u201d\" rel=\"nofollow\" data-success_message=\"\u201cPl\u00e4sku kunstnahast \u00fcmbrisega 100 ml\u201d has been added to your basket\" role=\"button\" data-no-translation=\"\" data-trp-gettext=\"\" data-no-translation-aria-label=\"\" data-no-translation-data-success_message=\"\">Add to basket<\/a><a class=\"actions-moreinfo\" href=\"https:\/\/summerdesign.ee\/en\/pood\/tarvikud\/toorikud\/plasku-kunstnahast-umbrisega-100-ml\/\" title=\"MORE INFO\">MORE INFO<\/a><\/span>\t<span id=\"woocommerce_loop_add_to_cart_link_describedby_20365\" class=\"screen-reader-text\">\n\t\t\t<\/span>\n\t<\/div> <!-- Close product-list-item -->\n<\/li>\n<li class=\"prodpage-classic product type-product post-20358 status-publish last instock product_cat-toorikud has-post-thumbnail taxable shipping-taxable purchasable product-type-simple\">\n\t\t<div class=\"product-list-item text-custom-parent-hov prod-layout-classic\">\n<a href=\"https:\/\/summerdesign.ee\/en\/pood\/tarvikud\/toorikud\/rannaratik-100-x-180-cm-loodusvalge-ja-must\/\" class=\"woocommerce-LoopProduct-link woocommerce-loop-product__link\">\t<div class=\"zn_badge_container\">\n\t\t\t<\/div>\n<span class=\"kw-prodimage\"><img loading=\"lazy\" decoding=\"async\" width=\"999\" height=\"999\" src=\"https:\/\/summerdesign.ee\/wp-content\/uploads\/2025\/07\/Rannaratik-100-x-180-cm-loodusvalge-ja-must.png\" class=\"kw-prodimage-img\" alt=\"Rannaratik-100-x-180-cm-loodusvalge-ja-must\" srcset=\"https:\/\/summerdesign.ee\/wp-content\/uploads\/2025\/07\/Rannaratik-100-x-180-cm-loodusvalge-ja-must.png 999w, https:\/\/summerdesign.ee\/wp-content\/uploads\/2025\/07\/Rannaratik-100-x-180-cm-loodusvalge-ja-must-300x300.png 300w, https:\/\/summerdesign.ee\/wp-content\/uploads\/2025\/07\/Rannaratik-100-x-180-cm-loodusvalge-ja-must-150x150.png 150w, https:\/\/summerdesign.ee\/wp-content\/uploads\/2025\/07\/Rannaratik-100-x-180-cm-loodusvalge-ja-must-768x768.png 768w, https:\/\/summerdesign.ee\/wp-content\/uploads\/2025\/07\/Rannaratik-100-x-180-cm-loodusvalge-ja-must-12x12.png 12w, https:\/\/summerdesign.ee\/wp-content\/uploads\/2025\/07\/Rannaratik-100-x-180-cm-loodusvalge-ja-must-187x187.png 187w, https:\/\/summerdesign.ee\/wp-content\/uploads\/2025\/07\/Rannaratik-100-x-180-cm-loodusvalge-ja-must-600x600.png 600w, https:\/\/summerdesign.ee\/wp-content\/uploads\/2025\/07\/Rannaratik-100-x-180-cm-loodusvalge-ja-must-100x100.png 100w\" sizes=\"auto, (max-width: 999px) 100vw, 999px\" \/><\/span>\t<div class=\"kw-details clearfix\">\n\t\t<h3 class=\"kw-details-title text-custom-child\" itemprop=\"headline\" >Rannar\u00e4tik 100 x 180 cm &#8211; loodusvalge ja must<\/h3>\n<div class=\"kw-details-desc\"><p>M\u00f5\u00f5dud: 100 x 180 cm, 240 g\/m\u00b2<br \/>\nMaterjal: 100 puuvill<\/p>\n<\/div>\n\t<span class=\"price\"><span class=\"woocommerce-Price-amount amount\"><bdi><span class=\"woocommerce-Price-currencySymbol\">&euro;<\/span>19.90<\/bdi><\/span><\/span>\n\t<\/div> <!-- Close details clearfix -->\n\t<\/a><span class=\"kw-actions\"><a href=\"\/en\/wp-json\/wp\/v2\/pages\/431?add-to-cart=20358\" aria-describedby=\"woocommerce_loop_add_to_cart_link_describedby_20358\" data-quantity=\"1\" class=\"actions-addtocart  product_type_simple add_to_cart_button ajax_add_to_cart\" data-product_id=\"20358\" data-product_sku=\"SD055-BI\" aria-label=\"Add to basket: \u201cRannar\u00e4tik 100 x 180 cm - loodusvalge ja must\u201d\" rel=\"nofollow\" data-success_message=\"\u201cRannar\u00e4tik 100 x 180 cm - loodusvalge ja must\u201d has been added to your basket\" role=\"button\" data-no-translation=\"\" data-trp-gettext=\"\" data-no-translation-aria-label=\"\" data-no-translation-data-success_message=\"\">Add to basket<\/a><a class=\"actions-moreinfo\" href=\"https:\/\/summerdesign.ee\/en\/pood\/tarvikud\/toorikud\/rannaratik-100-x-180-cm-loodusvalge-ja-must\/\" title=\"MORE INFO\">MORE INFO<\/a><\/span>\t<span id=\"woocommerce_loop_add_to_cart_link_describedby_20358\" class=\"screen-reader-text\">\n\t\t\t<\/span>\n\t<\/div> <!-- Close product-list-item -->\n<\/li>\n<li class=\"prodpage-classic product type-product post-20352 status-publish first instock product_cat-toorikud has-post-thumbnail taxable shipping-taxable purchasable product-type-simple\">\n\t\t<div class=\"product-list-item text-custom-parent-hov prod-layout-classic\">\n<a href=\"https:\/\/summerdesign.ee\/en\/pood\/tarvikud\/toorikud\/marbella-laia-aarega-paikesemuts\/\" class=\"woocommerce-LoopProduct-link woocommerce-loop-product__link\">\t<div class=\"zn_badge_container\">\n\t\t\t<\/div>\n<span class=\"kw-prodimage\"><img loading=\"lazy\" decoding=\"async\" width=\"420\" height=\"540\" src=\"https:\/\/summerdesign.ee\/wp-content\/uploads\/2025\/07\/Marbella-laia-aarega-paikesemuts.jpg\" class=\"kw-prodimage-img\" alt=\"Marbella-laia-aarega-paikesemuts\" srcset=\"https:\/\/summerdesign.ee\/wp-content\/uploads\/2025\/07\/Marbella-laia-aarega-paikesemuts.jpg 420w, https:\/\/summerdesign.ee\/wp-content\/uploads\/2025\/07\/Marbella-laia-aarega-paikesemuts-233x300.jpg 233w, https:\/\/summerdesign.ee\/wp-content\/uploads\/2025\/07\/Marbella-laia-aarega-paikesemuts-9x12.jpg 9w, https:\/\/summerdesign.ee\/wp-content\/uploads\/2025\/07\/Marbella-laia-aarega-paikesemuts-145x187.jpg 145w\" sizes=\"auto, (max-width: 420px) 100vw, 420px\" \/><img loading=\"lazy\" decoding=\"async\" width=\"420\" height=\"540\" src=\"https:\/\/summerdesign.ee\/wp-content\/uploads\/2025\/07\/Marbella-laia-aarega-paikesemuts-3.jpg\" class=\"kw-prodimage-img-secondary\" alt=\"Marbella-laia-aarega-paikesemuts-3\" srcset=\"https:\/\/summerdesign.ee\/wp-content\/uploads\/2025\/07\/Marbella-laia-aarega-paikesemuts-3.jpg 420w, https:\/\/summerdesign.ee\/wp-content\/uploads\/2025\/07\/Marbella-laia-aarega-paikesemuts-3-233x300.jpg 233w, https:\/\/summerdesign.ee\/wp-content\/uploads\/2025\/07\/Marbella-laia-aarega-paikesemuts-3-9x12.jpg 9w, https:\/\/summerdesign.ee\/wp-content\/uploads\/2025\/07\/Marbella-laia-aarega-paikesemuts-3-145x187.jpg 145w\" sizes=\"auto, (max-width: 420px) 100vw, 420px\" \/><\/span>\t<div class=\"kw-details clearfix\">\n\t\t<h3 class=\"kw-details-title text-custom-child\" itemprop=\"headline\" >Marbella laia \u00e4\u00e4rega p\u00e4ikesem\u00fcts<\/h3>\n<div class=\"kw-details-desc\"><p>M\u00f5\u00f5dud: One Size (57 cm)<\/p>\n<\/div>\n\t<span class=\"price\"><span class=\"woocommerce-Price-amount amount\"><bdi><span class=\"woocommerce-Price-currencySymbol\">&euro;<\/span>10.90<\/bdi><\/span><\/span>\n\t<\/div> <!-- Close details clearfix -->\n\t<\/a><span class=\"kw-actions\"><a href=\"\/en\/wp-json\/wp\/v2\/pages\/431?add-to-cart=20352\" aria-describedby=\"woocommerce_loop_add_to_cart_link_describedby_20352\" data-quantity=\"1\" class=\"actions-addtocart  product_type_simple add_to_cart_button ajax_add_to_cart\" data-product_id=\"20352\" data-product_sku=\"SD740\" aria-label=\"Add to basket: \u201cMarbella laia \u00e4\u00e4rega p\u00e4ikesem\u00fcts\u201d\" rel=\"nofollow\" data-success_message=\"\u201cMarbella laia \u00e4\u00e4rega p\u00e4ikesem\u00fcts\u201d has been added to your basket\" role=\"button\" data-no-translation=\"\" data-trp-gettext=\"\" data-no-translation-aria-label=\"\" data-no-translation-data-success_message=\"\">Add to basket<\/a><a class=\"actions-moreinfo\" href=\"https:\/\/summerdesign.ee\/en\/pood\/tarvikud\/toorikud\/marbella-laia-aarega-paikesemuts\/\" title=\"MORE INFO\">MORE INFO<\/a><\/span>\t<span id=\"woocommerce_loop_add_to_cart_link_describedby_20352\" class=\"screen-reader-text\">\n\t\t\t<\/span>\n\t<\/div> <!-- Close product-list-item -->\n<\/li>\n<li class=\"prodpage-classic product type-product post-5490 status-publish instock product_cat-toorikud has-post-thumbnail taxable shipping-taxable purchasable product-type-simple\">\n\t\t<div class=\"product-list-item text-custom-parent-hov prod-layout-classic\">\n<a href=\"https:\/\/summerdesign.ee\/en\/pood\/tarvikud\/toorikud\/album-ja-karp-okopruun-2\/\" class=\"woocommerce-LoopProduct-link woocommerce-loop-product__link\">\t<div class=\"zn_badge_container\">\n\t\t\t<\/div>\n<span class=\"kw-prodimage\"><img loading=\"lazy\" decoding=\"async\" width=\"1000\" height=\"1000\" src=\"https:\/\/summerdesign.ee\/wp-content\/uploads\/2023\/02\/okopruun-album.jpg\" class=\"kw-prodimage-img\" alt=\"okopruun-album\" srcset=\"https:\/\/summerdesign.ee\/wp-content\/uploads\/2023\/02\/okopruun-album.jpg 1000w, https:\/\/summerdesign.ee\/wp-content\/uploads\/2023\/02\/okopruun-album-300x300.jpg 300w, https:\/\/summerdesign.ee\/wp-content\/uploads\/2023\/02\/okopruun-album-100x100.jpg 100w, https:\/\/summerdesign.ee\/wp-content\/uploads\/2023\/02\/okopruun-album-600x600.jpg 600w, https:\/\/summerdesign.ee\/wp-content\/uploads\/2023\/02\/okopruun-album-150x150.jpg 150w, https:\/\/summerdesign.ee\/wp-content\/uploads\/2023\/02\/okopruun-album-768x768.jpg 768w, https:\/\/summerdesign.ee\/wp-content\/uploads\/2023\/02\/okopruun-album-12x12.jpg 12w, https:\/\/summerdesign.ee\/wp-content\/uploads\/2023\/02\/okopruun-album-187x187.jpg 187w\" sizes=\"auto, (max-width: 1000px) 100vw, 1000px\" \/><\/span>\t<div class=\"kw-details clearfix\">\n\t\t<h3 class=\"kw-details-title text-custom-child\" itemprop=\"headline\" >Album &#8211; \u00f6kopruun<\/h3>\n<div class=\"kw-details-desc\"><p>Tarneaeg: 1-3 t\u00f6\u00f6p\u00e4eva<\/p>\n<\/div>\n\t<span class=\"price\"><span class=\"woocommerce-Price-amount amount\"><bdi><span class=\"woocommerce-Price-currencySymbol\">&euro;<\/span>9.50<\/bdi><\/span><\/span>\n\t<\/div> <!-- Close details clearfix -->\n\t<\/a><span class=\"kw-actions\"><a href=\"\/en\/wp-json\/wp\/v2\/pages\/431?add-to-cart=5490\" aria-describedby=\"woocommerce_loop_add_to_cart_link_describedby_5490\" data-quantity=\"1\" class=\"actions-addtocart  product_type_simple add_to_cart_button ajax_add_to_cart\" data-product_id=\"5490\" data-product_sku=\"PMA 101402\" aria-label=\"Add to basket: \u201cAlbum - \u00f6kopruun\u201d\" rel=\"nofollow\" data-success_message=\"\u201cAlbum - \u00f6kopruun\u201d has been added to your basket\" role=\"button\" data-no-translation=\"\" data-trp-gettext=\"\" data-no-translation-aria-label=\"\" data-no-translation-data-success_message=\"\">Add to basket<\/a><a class=\"actions-moreinfo\" href=\"https:\/\/summerdesign.ee\/en\/pood\/tarvikud\/toorikud\/album-ja-karp-okopruun-2\/\" title=\"MORE INFO\">MORE INFO<\/a><\/span>\t<span id=\"woocommerce_loop_add_to_cart_link_describedby_5490\" class=\"screen-reader-text\">\n\t\t\t<\/span>\n\t<\/div> <!-- Close product-list-item -->\n<\/li>\n<\/ul>\n<\/div>","protected":false},"excerpt":{"rendered":"","protected":false},"author":1,"featured_media":0,"parent":0,"menu_order":0,"comment_status":"closed","ping_status":"closed","template":"","meta":{"footnotes":""},"class_list":["post-431","page","type-page","status-publish","hentry","prodpage-classic"],"_links":{"self":[{"href":"https:\/\/summerdesign.ee\/en\/wp-json\/wp\/v2\/pages\/431","targetHints":{"allow":["GET"]}}],"collection":[{"href":"https:\/\/summerdesign.ee\/en\/wp-json\/wp\/v2\/pages"}],"about":[{"href":"https:\/\/summerdesign.ee\/en\/wp-json\/wp\/v2\/types\/page"}],"author":[{"embeddable":true,"href":"https:\/\/summerdesign.ee\/en\/wp-json\/wp\/v2\/users\/1"}],"replies":[{"embeddable":true,"href":"https:\/\/summerdesign.ee\/en\/wp-json\/wp\/v2\/comments?post=431"}],"version-history":[{"count":4,"href":"https:\/\/summerdesign.ee\/en\/wp-json\/wp\/v2\/pages\/431\/revisions"}],"predecessor-version":[{"id":3887,"href":"https:\/\/summerdesign.ee\/en\/wp-json\/wp\/v2\/pages\/431\/revisions\/3887"}],"wp:attachment":[{"href":"https:\/\/summerdesign.ee\/en\/wp-json\/wp\/v2\/media?parent=431"}],"curies":[{"name":"wp","href":"https:\/\/api.w.org\/{rel}","templated":true}]}}