{"id":385,"date":"2021-06-13T18:26:58","date_gmt":"2021-06-13T18:26:58","guid":{"rendered":"https:\/\/summerdesign.ee\/?page_id=385"},"modified":"2025-12-19T19:41:11","modified_gmt":"2025-12-19T16:41:11","slug":"ostutingimused","status":"publish","type":"page","link":"https:\/\/summerdesign.ee\/en\/ostutingimused\/","title":{"rendered":"OSTUTINGIMUSED"},"content":{"rendered":"<p>K\u00e4esolevad&nbsp;ostutingimused kehtivad k\u00f5igile isikutele, kes sooritavad&nbsp;tehingu&nbsp;www.summerdesign.ee veebikeskkonnas ostukeskkonna omaniku Meister Disain O\u00dc-ga.<\/p>\n\n\n\n<p>Meister Disain O\u00dc registrikood 12237345 (edaspidi nimetatud M\u00fc\u00fcja) ja&nbsp;tellija&nbsp;(edaspidi nimetatud Klient, kes vormistab www.summerdesign.ee e-poes tellimuse ja sisestades tellimuse ankeedile oma isikuandmed, lepivad kokku allj\u00e4rgnevates tingimustes:<\/p>\n\n\n\n<h2 class=\"wp-block-heading\" id=\"uldine\"><strong>\u00dcldine<\/strong><\/h2>\n\n\n\n<p>Meister Disain O\u00dc&nbsp;ja&nbsp;Kliendi&nbsp;vahel j\u00f5ustub m\u00fc\u00fcgileping&nbsp;alates tasumisele kuuluva summa laekumisest&nbsp;Meister Disain O\u00dc&nbsp;arvelduskontole. Tooteid enne m\u00fc\u00fcgilepingu j\u00f5ustumist ei pakendata.<\/p>\n\n\n\n<ul class=\"wp-block-list\">\n<li>Kliendi&nbsp;poolt esitatud tellimus on aluseks ostu-m\u00fc\u00fcgi lepingule&nbsp;Meister Disain&nbsp;O\u00dc ja&nbsp;Kliendi&nbsp;vahel.&nbsp;Meister Disain&nbsp;O\u00dc n\u00f5ustub lepinguga, kui ta asub tellimust t\u00e4itma, j\u00e4ttes endale vajadusel \u00f5iguse tellimus t\u00fchistada sellest&nbsp;Klienti&nbsp;informeerides.<\/li>\n\n\n\n<li>Meister Disain&nbsp;O\u00dc-l on \u00f5igus muuta ning t\u00e4iendada veebikeskkonnas k\u00e4esolevaid tellimistingimusi, tooteid, nende kirjeldusi, pilte ning hindu vastavalt oma \u00e4ran\u00e4gemise j\u00e4rgi.<\/li>\n\n\n\n<li>K\u00e4esolevatele tingimustele lisaks reguleerivad www.summerdesgin.ee veebikeskonna kaudu tehingu sooritanud isikute vahelisi \u00f5igussuhteid Eesti Vabariigis kehtivad seadused.<\/li>\n\n\n\n<li>Kauplemine toimub EUR valuutas.&nbsp;Toodete hinnale lisandub tellimuse vormistamise k\u00e4igus&nbsp;Kliendi&nbsp;poolt valitud tarneviisile vastav kohaletoimetamise tasu. Tarneviis&nbsp;valitakse ning kohaletoimetamistasu arvutatakse ostukorvis.<\/li>\n\n\n\n<li>Meister Disain&nbsp;O\u00dc ei vastuta kaupade kohaletoimetamise viivituse ja arusaamatuste eest juhul, kui need on tingitud&nbsp;Kliendi&nbsp;poolt tellimuse vormistamisel esitatud andmete ebat\u00e4psusest v\u00f5i eba\u00f5igusest.<\/li>\n<\/ul>\n\n\n\n<h2 class=\"wp-block-heading\" id=\"tellimuse-vormistamine\"><strong>Tellimuse vormistamine<\/strong><\/h2>\n\n\n\n<p>Tellimust saavad esitada ainult t\u00e4isealised ja teov\u00f5imelised&nbsp;Kliendid.<\/p>\n\n\n\n<ul class=\"wp-block-list\">\n<li>&nbsp; Saatke tellimus l\u00e4bi e-poe&nbsp;valides meelep\u00e4rane toode ning t\u00e4ida toote k\u00f5rval olev vorm. Seej\u00e4rel lisa toode ostukorvi. J\u00e4lgi toote juures olevat kirjelduses olevat juhendit.<\/li>\n<\/ul>\n\n\n\n<ul class=\"wp-block-list\">\n<li> Eritellimuste v\u00f5i muu lisainfo puhul&nbsp;kirjutage meile oma soovist &nbsp;info@summerdesign.ee<\/li>\n<\/ul>\n\n\n\n<h2 class=\"wp-block-heading\" id=\"kauba-kattesaamine-ja-tarneaeg\"><strong>Kauba k\u00e4ttesaamine ja tarneaeg<\/strong><\/h2>\n\n\n\n<ul class=\"wp-block-list\">\n<li>Kauba k\u00e4ttesaamine ja tarne toimub Eesti piirides. Soovi korral edastame pakke ka Euroopa siseselt, selleks palun v\u00f5tta meiega \u00fchendust.<\/li>\n\n\n\n<li>Kaup tarnitakse&nbsp;Kliendini&nbsp;l\u00e4bi&nbsp;Meister Disain O\u00dc koost\u00f6\u00f6partnerite ( Itella Smartpost ja Omniva). Kauba&nbsp;saatmiskulu&nbsp;tasub&nbsp;Klient&nbsp;e-poes tellimust esitades. V\u00f5imalus on tulla ise j\u00e4rele Meister Disain Stuudiosse Kadaka tee 63, ruum 142, Tallinn E-N kell 16-18.<br>Kaubad on saadaval kuni kaupu j\u00e4tkub.&nbsp;Meister Disain O\u00dc-l on \u00f5igus lepingust taganeda juhul, kui tellitud kaupa ei ole v\u00f5imalik tarnida.<\/li>\n\n\n\n<li>Meister Disain O\u00dc informeerib&nbsp;Klienti&nbsp;lepingust taganemisest esimesel v\u00f5imalusel kas telefoni v\u00f5i e-kirja teel. Juhul, kui&nbsp;Klient&nbsp;on tellitud kauba eest juba tasunud, tagastab&nbsp;Meister Disain&nbsp;O\u00dc ostuhinna viivitamatult, kuid hiljemalt 14 p\u00e4eva jooksul.<\/li>\n\n\n\n<li>Tooted, millel ei ole m\u00e4rgitud tellimisel, saadetakse v\u00e4lja 1-2 t\u00f6\u00f6p\u00e4eva jooksul alates arve tasumisest.&nbsp;Ooteaeg&nbsp;v\u00f5ib nihkuda paari p\u00e4eva raames olenevalt p\u00fchadest ja etten\u00e4gematutest asjaoludest.<\/li>\n<\/ul>\n\n\n\n<h2 class=\"wp-block-heading\" id=\"tagastamine\"><strong>Tagastamine<\/strong><\/h2>\n\n\n\n<ul class=\"wp-block-list\">\n<li>Vastavalt seadusele on&nbsp;Kliendil&nbsp;\u00f5igus lepingust taganeda 14 p\u00e4eva jooksul alates tellitud kauba k\u00e4ttesaamisest ning kaup kasutamata kujul rikkumata pakendis tagastada (v\u00e4ljaarvatud eritellimustooted). Tagastamise \u00f5igus ei laiene juriidilistele isikutele. Tarbijakaitseseaduse m\u00f5istes on tarbija eraisik.<\/li>\n\n\n\n<li>Tagastatud toode peab olema originaalpakendis, originaalmarkeeringus ning samasuguses komplekssuses nagu&nbsp;Kliendile&nbsp;v\u00e4ljastamise hetkel.<\/li>\n\n\n\n<li>Juhul, kui kauba originaalpakend on kahjustunud v\u00f5i kui kauba prooviperioodil toimunud kauba kasutamine \u00fcletab kaubaga tutvumiseks vajaliku m\u00f5istliku ulatuse v\u00f5i kui tagastatav kaup ei ole uue samalaadse kaubaga analoogilises seisukorras, siis on&nbsp;Meister Disain&nbsp;O\u00dc-l \u00f5igus arvestada&nbsp;Kliendile&nbsp;tagastamisele kuuluvast summast \u00fchepoolselt maha kauba v\u00e4\u00e4rtuse v\u00e4henemisele vastav h\u00fcvitis. H\u00fcvitise suurus m\u00e4\u00e4ratakse kindlaks l\u00e4htudes tagastatud kauba v\u00e4\u00e4rtuse v\u00f5imaliku v\u00e4henemise ulatusest ning h\u00fcvitise suurusest teavitatakse&nbsp;Klienti&nbsp;esimesel v\u00f5imalusel p\u00e4rast h\u00fcvitise suuruse v\u00e4ljaselgitamist.<\/li>\n\n\n\n<li>Kauba tagastamise saatmiskulu kannab\u00a0Klient. M\u00fc\u00fcja ei h\u00fcvita saatmis ja tagasisaatmise kulusid.<\/li>\n\n\n\n<li>Meister Disain\u00a0O\u00dc tagastab\u00a0Kliendi\u00a0poolt tasutud kauba summa viivitamata, kuid mitte hiljem kui 14 p\u00e4eva jooksul lepingust taganemise teate j\u00f5udmisest. <\/li>\n\n\n\n<li>Loodusj\u00f5udude poolt tootele tekitatud kahjusid&nbsp;Meister Disain&nbsp;O\u00dc ei korva.<\/li>\n<\/ul>\n\n\n\n<h2 class=\"wp-block-heading\" id=\"pretensioonide-esitamise-aeg\"><strong>Pretensioonide esitamise aeg<\/strong><\/h2>\n\n\n\n<ul class=\"wp-block-list\">\n<li>Vastutame toodete n\u00f5uetele mittevastavuste ja puuduste eest. Kui avastate kauba k\u00e4tte saamisel, et toode ei vasta&nbsp;tellitule,&nbsp;siis palun saatke 3 t\u00f6\u00f6p\u00e4eva jooksul e-mail aadressile info@summerdesign.ee&nbsp;koos kauba mittevastavuse v\u00f5i puuduse kirjeldusega ja pildiga.<br>Meister Disain&nbsp;O\u00dc ei vastuta&nbsp;Kliendi&nbsp;s\u00fc\u00fcl toote kahjustumise eest ning puuduste eest, mis on tekkinud tootele seoses ebaotstarbelise ning mittekorrap\u00e4rase kasutamise tagaj\u00e4rjel. Samuti ei aktsepteerita loomingulistest ja kunstilistest vaadetest tulenevaid eriarvamusi ja pretensioone.<br>Toote mittevastavuse ning puuduste korral on&nbsp;Kliendil&nbsp;\u00f5igus n\u00f5uda toote asendamist korrektse tootega. Transpordi kulud kannab sel juhul&nbsp;Meister Disain&nbsp;O\u00dc.<br>Meister Disain&nbsp;O\u00dc vastab&nbsp;Kliendi&nbsp;esitatud kaebusele kirjalikult v\u00f5i kirjalikku taasesitamist v\u00f5imaldavas vormis 15 p\u00e4eva jooksul.<\/li>\n<\/ul>\n\n\n\n<h2 class=\"wp-block-heading\" id=\"vaidluste-lahendamine\"><strong>Vaidluste lahendamine<\/strong><\/h2>\n\n\n\n<ul class=\"wp-block-list\">\n<li>Kui&nbsp;Kliendil&nbsp;on&nbsp;M\u00fc\u00fcja valmistatud tellimus&nbsp;osas pretensioone, tuleb need saata e-kirja aadressile&nbsp;<a href=\"mailto:info@summerdesign.ee\" data-type=\"mailto\" data-id=\"mailto:info@summerdesign.ee\">info@summerdesign.ee<\/a>.&nbsp;Lepingu t\u00e4itmisel tekkivad vaidlused p\u00fc\u00fctakse lahendada l\u00e4bir\u00e4\u00e4kimiste teel.&nbsp;&nbsp;Kui Klient&nbsp;ja&nbsp;M\u00fc\u00fcja&nbsp;ei suuda&nbsp;lahendada&nbsp;vaidlust kokkuleppe teel, siis on&nbsp;kliendil&nbsp;\u00f5igus p\u00f6\u00f6rduda Tarbijakaitseameti juures tegutseva Tarbijavaidluste komisjoni poole.<\/li>\n<\/ul>","protected":false},"excerpt":{"rendered":"<p>K\u00e4esolevad&nbsp;ostutingimused kehtivad k\u00f5igile isikutele, kes sooritavad&nbsp;tehingu&nbsp;www.summerdesign.ee veebikeskkonnas ostukeskkonna omaniku Meister Disain O\u00dc-ga. Meister Disain O\u00dc registrikood 12237345 (edaspidi nimetatud M\u00fc\u00fcja) ja&nbsp;tellija&nbsp;(edaspidi nimetatud Klient, kes vormistab www.summerdesign.ee e-poes tellimuse ja sisestades tellimuse ankeedile oma isikuandmed, lepivad kokku allj\u00e4rgnevates tingimustes: \u00dcldine Meister Disain O\u00dc&nbsp;ja&nbsp;Kliendi&nbsp;vahel j\u00f5ustub m\u00fc\u00fcgileping&nbsp;alates tasumisele kuuluva summa laekumisest&nbsp;Meister Disain O\u00dc&nbsp;arvelduskontole. Tooteid enne m\u00fc\u00fcgilepingu j\u00f5ustumist ei<\/p>","protected":false},"author":1,"featured_media":0,"parent":0,"menu_order":0,"comment_status":"closed","ping_status":"closed","template":"","meta":{"footnotes":""},"class_list":["post-385","page","type-page","status-publish","hentry","prodpage-classic"],"_links":{"self":[{"href":"https:\/\/summerdesign.ee\/en\/wp-json\/wp\/v2\/pages\/385","targetHints":{"allow":["GET"]}}],"collection":[{"href":"https:\/\/summerdesign.ee\/en\/wp-json\/wp\/v2\/pages"}],"about":[{"href":"https:\/\/summerdesign.ee\/en\/wp-json\/wp\/v2\/types\/page"}],"author":[{"embeddable":true,"href":"https:\/\/summerdesign.ee\/en\/wp-json\/wp\/v2\/users\/1"}],"replies":[{"embeddable":true,"href":"https:\/\/summerdesign.ee\/en\/wp-json\/wp\/v2\/comments?post=385"}],"version-history":[{"count":15,"href":"https:\/\/summerdesign.ee\/en\/wp-json\/wp\/v2\/pages\/385\/revisions"}],"predecessor-version":[{"id":21592,"href":"https:\/\/summerdesign.ee\/en\/wp-json\/wp\/v2\/pages\/385\/revisions\/21592"}],"wp:attachment":[{"href":"https:\/\/summerdesign.ee\/en\/wp-json\/wp\/v2\/media?parent=385"}],"curies":[{"name":"wp","href":"https:\/\/api.w.org\/{rel}","templated":true}]}}