{"id":3,"date":"2021-04-30T19:47:48","date_gmt":"2021-04-30T19:47:48","guid":{"rendered":"http:\/\/summerdesign.ee\/?page_id=3"},"modified":"2023-11-01T00:06:05","modified_gmt":"2023-10-31T21:06:05","slug":"privaatsustingimused","status":"publish","type":"page","link":"https:\/\/summerdesign.ee\/en\/privaatsustingimused\/","title":{"rendered":"PRIVAATSUSTINGIMUSED"},"content":{"rendered":"<h2 class=\"wp-block-heading\">Kes me oleme<\/h2>\n\n\n\n<p>Meie veebisaidi aadress on http:\/\/summerdesign.ee. SummerDesign veebilehe isikuandmete vastutav t\u00f6\u00f6tleja on Meister Disain O\u00dc ( registrikood\u00a012237345, info@summerdesign.ee ).<br><\/p>\n\n\n\n<h2 class=\"wp-block-heading\">Isikuandmete t\u00f6\u00f6tlemine<\/h2>\n\n\n\n<p>SummerDesign kogub ja t\u00f6\u00f6tleb Kliendi j\u00e4rgnevaid isikuandmeid:<\/p>\n\n\n\n<p>Kliendi ees- ning perekonnanimi<\/p>\n\n\n\n<p>Kliendi e-posti aadress<\/p>\n\n\n\n<p>Kliendi telefoninumber<\/p>\n\n\n\n<p>Kliendi aadress<\/p>\n\n\n\n<p>Kliendi ning SummerDesign vaheline infovahetus<br><\/p>\n\n\n\n<h2 class=\"wp-block-heading\"><strong>&nbsp;Isikuandmete t\u00f6\u00f6tlemise eesm\u00e4rk<\/strong><\/h2>\n\n\n\n<p>Kliendi kohta kogutavaid isikuandmeid t\u00f6\u00f6deldakse \u00fcksnes Teenuse osutamise, Teenuse osutamise v\u00f5imaldamise, ning Veebipoe kasutamise v\u00f5imaldamise eesm\u00e4rgil, muuhulgas j\u00e4rgnevalt nimetatud eesm\u00e4rkidel:<\/p>\n\n\n\n<p>Veebipoes esitatud tellimuse t\u00e4itmiseks;<\/p>\n\n\n\n<p>Veebipoe kliendi suhete haldamine ning kliendiga kommunikeerimine;<\/p>\n\n\n\n<p>M\u00fc\u00fcgi ja kliendibaasi anal\u00fc\u00fctika koostamine ning uurimine;<\/p>\n\n\n\n<p>Veebipoe kasutusmugavuse ja teenuste arendamine;<\/p>\n\n\n\n<p>Veebipoe kasutusmugavuse arendamine tulenevalt k\u00fcpsiste talletatud andmetest.<\/p>\n\n\n\n<p><br><\/p>\n\n\n\n<h2 class=\"wp-block-heading\">Millised on \u00f5igused enda andmetele<\/h2>\n\n\n\n<p><br>Isikuandmete t\u00f6\u00f6tlemine toimub kliendiga s\u00f5lmitud lepingu t\u00e4itmise eesm\u00e4rgil. Isikuandmete t\u00f6\u00f6tlemine toimub juriidilise kohustuse t\u00e4itmiseks (nt raamatupidamine ja tarbijavaidluste lahendamine).<br>Vastuv\u00f5tjad, kellele isikuandmed edastatakse veebipoe klienditoele ostude ja ostuajaloo haldamiseks ja kliendiprobleemide lahendamiseks. Nimi, telefoninumber ja e-posti aadress edastatakse kliendi poolt valitud transporditeenuse pakkujale. Kui tegemist on kulleriga kohale toimetatava kaubaga, siis edastatakse lisaks kontaktandmetele ka kliendi aadress. Kui veebipoe raamatupidamine toimub teenusepakkuja poolt, siis edastatakse isikuandmed teenusepakkujale raamatupidamistoimingute tegemiseks. Isikuandmeid v\u00f5idakse edastada infotehnoloogia teenuste pakkujatele, kui see on vajalik veebipoe funktsionaalsuse v\u00f5i andmemajutuse tagamiseks.<br><br><\/p>\n\n\n\n<h2 class=\"wp-block-heading\">Turvalisus ja andmete ligip\u00e4\u00e4s<\/h2>\n\n\n\n<p><br><br>Andmeid hoitakse Eesti serverites, mis asuvad Euroopa Liidu liikmesriigi v\u00f5i Euroopa Liidumajandus piirkonnaga liitunud riikide territooriumil. Andmeid v\u00f5idakse edastada riikidesse, mille andmekaitse taset on Euroopa Komisjon hinnanud piisavaks ning USA ettev\u00f5tetele, kes on liitund andmekaitse kilbi (Privacy Shield) raamistikuga. Juurdep\u00e4\u00e4s isikuandmetele on veebipoe t\u00f6\u00f6tajatel, kes saavad isikuandmetega tutvuda selleks, et lahendada veebipoe kasutamisega seonduvaid tehnilisi k\u00fcsimusi ning osutada klienditoe teenust. Veebipood rakendab asjakohaseid f\u00fc\u00fcsilisi, organisatsioonilisi ja infotehnilisi turvameetmeid, et kaitsta isikuandmeid juhusliku v\u00f5i ebaseadusliku h\u00e4vitamise, kaotsimineku, muutmise v\u00f5i loata juurdep\u00e4\u00e4su ja avalikustamise eest.<br>Isikuandmete edastamine veebipoe volitatud t\u00f6\u00f6tlejatele (nt transporditeenuse pakkuja ja andmemajutus) toimub veebipoe ja volitatud t\u00f6\u00f6tlejatega s\u00f5lmitud lepingute alusel. Volitatud t\u00f6\u00f6tlejaid on kohustatud tagama isikuandmete t\u00f6\u00f6tlemisel asjakohased kaitsemeetmed.<br><br><\/p>\n\n\n\n<p><br><\/p>\n\n\n\n<h2 class=\"wp-block-heading\"><strong>Isikuandmetega tutvumine ja parandamine<\/strong><\/h2>\n\n\n\n<p>Isikuandmetega saab tutvuda ja teha parandusi klinditoe vahendusel.<\/p>\n\n\n\n<h2 class=\"wp-block-heading\"><strong><strong>N\u00f5usoleku tagasiv\u00f5tmine<\/strong><\/strong><\/h2>\n\n\n\n<p>Kui isikundmete t\u00f6\u00f6tlemine toimub kliendi n\u00f5usoleku alusel, siis on kliendil \u00f5igus n\u00f5usolek tagasi v\u00f5tta teavitades sellest kliendituge e-posti teel.<\/p>\n\n\n\n<p><\/p>\n\n\n\n<h2 class=\"wp-block-heading\">Kui kaua me andmeid s\u00e4ilitame<\/h2>\n\n\n\n<p>Veebipoodi sisestatud isikuandmed s\u00e4ilitatakse kolm&nbsp;aastat Maksetega&nbsp;ja tarbijavaidlustega seotud vaidluste korral s\u00e4ilitatakse isikuandmed kuni n\u00f5ude t\u00e4itmiseni v\u00f5i aegumist\u00e4htaja l\u00f5puni. Raamatupidamise jaoks vajalikud isikuandmed s\u00e4ilitatakse seitse aastat.<\/p>\n\n\n\n<h2 class=\"wp-block-heading\">Kustutamine<\/h2>\n\n\n\n<p>Isikuandmete kustutamiseks tuleb v\u00f5tta \u00fchendust klienditoega e-posti teel. Kustutamistaotlusele vastatakse mitte hiljem kui kuu aja jooksul ning t\u00e4psustakse andmete kustutamise perioodi.<\/p>\n\n\n\n<h2 class=\"wp-block-heading\"><strong>\u00dclekandmine<\/strong><\/h2>\n\n\n\n<p><br>E-posti teel esitatud isikuandmete \u00fclekandmise taotlusele vastatakse hiljemalt kuu aja jooksul.<br>Klienditugi tuvastab isikusamasuse ja teavitab isikuandmetest, mis kuuluvad \u00fclekandmisele.<\/p>\n\n\n\n<h2 class=\"wp-block-heading\"><strong>Vaidluste lahendamine<\/strong><\/h2>\n\n\n\n<p><br>Isikuandmete t\u00f6\u00f6tlemisega seotud vaidluste lahendamine toimub klienditoe vahendusel (Tel. +372 &#8230;.. v\u00f5i e-post info@summerdesign.ee). J\u00e4relevalveasutus on Eesti Andmekaitse Inspektsioon (info@aki.ee).<\/p>\n\n\n\n<p><br><\/p>\n\n\n\n<h2 class=\"wp-block-heading\"><\/h2>\n\n\n\n<h2 class=\"wp-block-heading\"><strong>K\u00fcpsiste kasutamine veebipoes<\/strong><\/h2>\n\n\n\n<p>SummerDesign  kasutab Veebilehe liikluse optimeerimiseks ning Klientide Veebilehe kasutuse anal\u00fc\u00fcsimiseks k\u00fcpsiseid. Kui Klient ei ole oma veebilehitsejat seadistanud viisil, et see keeldub k\u00f5igist v\u00f5i teatud liiki k\u00fcpsistest, siis antakse k\u00fcpsised v\u00e4lja kohe, kui Klient Veebipoodi k\u00fclastab.<\/p>\n\n\n\n<p>SummerDesign kasutab j\u00e4rgnevat liiki k\u00fcpsiseid:<\/p>\n\n\n\n<p><em>Google Analytics&nbsp;<\/em>k\u00fcpsiseid kasutatakse Kliendi k\u00e4itumist anal\u00fc\u00fcsides Veebilehe t\u00e4iustamiseks. Need k\u00fcpsised annavad SummerDesign&#8217;ile teavet Veebilehe Klientide arvu kohta, lehek\u00fclgede kohta, mida nad k\u00fclastavad ning kogu Veebilehel veedetud aja kestuse kohta. Kogu k\u00fcpsiste abil kogutud&nbsp;informatsioon liidetakse kokku teistelt Klientidelt saadud sarnase informatsiooniga ning on seet\u00f5ttu anon\u00fc\u00fcmne. SummerDesign ei tuvasta \u00fcksikuid kasutajaid.<\/p>\n\n\n\n<p>Sessioonik\u00fcpsiseid kasutatakse Veebilehe funktsionaalsuse s\u00e4ilitamiseks. See v\u00f5imaldab SummerDesign&#8217;il \u00fchendada Kliendi tegevused veebilehitseja sessiooniga, mis algab ja l\u00f5peb vastavalt siis, kui Klient oma veebilehitseja akna avab ja sulgeb. Sessioonik\u00fcpsis koosneb ajutisest informatsioonist ning kustutatakse siis, kui Klient oma veebilehitsejast lahkub.<\/p>\n\n\n\n<p>Kliendi eelneval n\u00f5usolekul kasutab SummerDesign j\u00e4rgnevaid k\u00fcpsiseid:<\/p>\n\n\n\n<p>Kliendil on alati v\u00f5imalus k\u00fcpsiseid kontrollida oma veebilehitseja seadistuste kaudu. Kui Klient eelistab k\u00fcpsiseid mitte saada, v\u00f5ib Klient seadistada veebilehitseja viisil, et see keeldub k\u00f5igist k\u00fcpsistest v\u00f5i saadab k\u00fcpsise v\u00e4ljaandmisel hoiatuse.<br><br><br><\/p>\n\n\n\n<p><br><\/p>","protected":false},"excerpt":{"rendered":"<p>Kes me oleme Meie veebisaidi aadress on http:\/\/summerdesign.ee. SummerDesign veebilehe isikuandmete vastutav t\u00f6\u00f6tleja on Meister Disain O\u00dc ( registrikood\u00a012237345, info@summerdesign.ee ). Isikuandmete t\u00f6\u00f6tlemine SummerDesign kogub ja t\u00f6\u00f6tleb Kliendi j\u00e4rgnevaid isikuandmeid: Kliendi ees- ning perekonnanimi Kliendi e-posti aadress Kliendi telefoninumber Kliendi aadress Kliendi ning SummerDesign vaheline infovahetus &nbsp;Isikuandmete t\u00f6\u00f6tlemise eesm\u00e4rk Kliendi kohta kogutavaid isikuandmeid t\u00f6\u00f6deldakse \u00fcksnes<\/p>","protected":false},"author":1,"featured_media":0,"parent":0,"menu_order":0,"comment_status":"closed","ping_status":"open","template":"","meta":{"footnotes":""},"class_list":["post-3","page","type-page","status-publish","hentry","prodpage-classic"],"_links":{"self":[{"href":"https:\/\/summerdesign.ee\/en\/wp-json\/wp\/v2\/pages\/3","targetHints":{"allow":["GET"]}}],"collection":[{"href":"https:\/\/summerdesign.ee\/en\/wp-json\/wp\/v2\/pages"}],"about":[{"href":"https:\/\/summerdesign.ee\/en\/wp-json\/wp\/v2\/types\/page"}],"author":[{"embeddable":true,"href":"https:\/\/summerdesign.ee\/en\/wp-json\/wp\/v2\/users\/1"}],"replies":[{"embeddable":true,"href":"https:\/\/summerdesign.ee\/en\/wp-json\/wp\/v2\/comments?post=3"}],"version-history":[{"count":8,"href":"https:\/\/summerdesign.ee\/en\/wp-json\/wp\/v2\/pages\/3\/revisions"}],"predecessor-version":[{"id":15876,"href":"https:\/\/summerdesign.ee\/en\/wp-json\/wp\/v2\/pages\/3\/revisions\/15876"}],"wp:attachment":[{"href":"https:\/\/summerdesign.ee\/en\/wp-json\/wp\/v2\/media?parent=3"}],"curies":[{"name":"wp","href":"https:\/\/api.w.org\/{rel}","templated":true}]}}