{"id":16981,"date":"2024-01-06T12:09:42","date_gmt":"2024-01-06T09:09:42","guid":{"rendered":"https:\/\/summerdesign.ee\/?page_id=16981"},"modified":"2025-09-08T20:15:09","modified_gmt":"2025-09-08T17:15:09","slug":"juhendid-2","status":"publish","type":"page","link":"https:\/\/summerdesign.ee\/en\/juhendid-2\/","title":{"rendered":"Juhendid"},"content":{"rendered":"<p><strong>Leiad siit vin\u00fc\u00fclkleebiste l\u00f5ikamise soovitused. <\/strong><\/p>\n\n\n\n<p style=\"font-size:14px\">L\u00f5ikamisel kasutame Cricut Maker digitaalset l\u00f5ikamismasinat. <br>Ligi kaheksa aastane kogemus erinevate Cricut digitaalsete l\u00f5ikamismasinatega on andnud teadmise, et Sinu Cricut Maker masinale sobivad \u00fched seadistused, aga s\u00f5bra masinal vaja n\u00e4iteks survet lisada v\u00f5i sobib \u00fcldse t\u00e4itsa teine seadistus. Seega soovitame enne suurema projekti l\u00f5ikamist alati teha enne test l\u00f5ikamine oma masinaga, et olla kindel \u00f5ige l\u00f5ikamis seadistuse valikus. <\/p>\n\n\n\n<p style=\"font-size:14px\"><strong>MATT, L\u00c4IKIVA JA PEEGELPINNAGA VIN\u00dc\u00dcKLEEBISED<\/strong><br>L\u00f5ikamis soovitus Cricut programmis: Vinyl. Kui tera on juba keskmise kulumisega, siis lisada surve MORE.<br>NB! Enne suurema projekti l\u00f5ikamist soovitame teha proovil\u00f5ige, et olla 100% kindel, milline seadistus teie mainaga kindlalt toimib.<\/p>\n\n\n\n<p style=\"font-size:14px\"><strong>S\u00c4DELEVA PINNAGA VIN\u00dc\u00dcLKLEEBISED<\/strong><br>S\u00e4deleva pinnaga vin\u00fc\u00fclkleebised on erineva taustapaberiga ning l\u00f5ikamissoovitus erinev. <br>Vin\u00fc\u00fckleebis, mille tagumine paber on loodusvalget tooni ja matt pinnaga on \u00f5hema tasutapaberiga ja soovitud Cricuti programmis valida VINYL ja surve MORE.<br>Vin\u00fc\u00fclkleebis, mille taustapaber on l\u00e4ikiv ja valge on paksema taustapaberiga ja soovitus Cricuti programmis valida SHIMMER. Katsetades ei olnud vaja survet lisada keskmise eaga tera puhul.<br>NB! Enne suurema projekti l\u00f5ikamist soovitame teha proovil\u00f5ige, et olla 100% kindel, milline seadistus teie mainaga kindlalt toimib.<\/p>\n\n\n\n<p style=\"font-size:14px\"><strong>PRINDITAVAD VIN\u00dc\u00dcLKLEEBISED<\/strong><br>Sobib kasutamiseks tindi- ja laserprinteriga.<br>Tr\u00fckkimisel valida glossy photo paper (nii matt kui l\u00e4ikiva kleebise puhul) ja high quality.<br>Soovitus Cricut masinaga l\u00f5igates valida programmist Washi sheet.<br>NB! Enne suurema projekti l\u00f5ikamist soovitame teha proovil\u00f5ige, et olla 100% kindel, milline seadistus teie mainaga kindlalt toimib.<\/p>\n\n\n\n<p><\/p>","protected":false},"excerpt":{"rendered":"<p>Leiad siit vin\u00fc\u00fclkleebiste l\u00f5ikamise soovitused. L\u00f5ikamisel kasutame Cricut Maker digitaalset l\u00f5ikamismasinat. Ligi kaheksa aastane kogemus erinevate Cricut digitaalsete l\u00f5ikamismasinatega on andnud teadmise, et Sinu Cricut Maker masinale sobivad \u00fched seadistused, aga s\u00f5bra masinal vaja n\u00e4iteks survet lisada v\u00f5i sobib \u00fcldse t\u00e4itsa teine seadistus. Seega soovitame enne suurema projekti l\u00f5ikamist alati teha enne test l\u00f5ikamine oma<\/p>","protected":false},"author":2,"featured_media":0,"parent":0,"menu_order":0,"comment_status":"closed","ping_status":"closed","template":"","meta":{"footnotes":""},"class_list":["post-16981","page","type-page","status-publish","hentry","prodpage-classic"],"_links":{"self":[{"href":"https:\/\/summerdesign.ee\/en\/wp-json\/wp\/v2\/pages\/16981","targetHints":{"allow":["GET"]}}],"collection":[{"href":"https:\/\/summerdesign.ee\/en\/wp-json\/wp\/v2\/pages"}],"about":[{"href":"https:\/\/summerdesign.ee\/en\/wp-json\/wp\/v2\/types\/page"}],"author":[{"embeddable":true,"href":"https:\/\/summerdesign.ee\/en\/wp-json\/wp\/v2\/users\/2"}],"replies":[{"embeddable":true,"href":"https:\/\/summerdesign.ee\/en\/wp-json\/wp\/v2\/comments?post=16981"}],"version-history":[{"count":5,"href":"https:\/\/summerdesign.ee\/en\/wp-json\/wp\/v2\/pages\/16981\/revisions"}],"predecessor-version":[{"id":20587,"href":"https:\/\/summerdesign.ee\/en\/wp-json\/wp\/v2\/pages\/16981\/revisions\/20587"}],"wp:attachment":[{"href":"https:\/\/summerdesign.ee\/en\/wp-json\/wp\/v2\/media?parent=16981"}],"curies":[{"name":"wp","href":"https:\/\/api.w.org\/{rel}","templated":true}]}}