{"id":16980,"date":"2024-01-06T12:09:42","date_gmt":"2024-01-06T09:09:42","guid":{"rendered":"https:\/\/summerdesign.ee\/?page_id=16980"},"modified":"2026-02-28T16:24:24","modified_gmt":"2026-02-28T13:24:24","slug":"juhendid","status":"publish","type":"page","link":"https:\/\/summerdesign.ee\/en\/juhendid\/","title":{"rendered":"Juhendid"},"content":{"rendered":"<p class=\"has-medium-font-size\"><strong>Leiad siit triigitavate kleebiste juhendid ja l\u00f5ikamise soovitused. <\/strong><\/p>\n\n\n\n<p style=\"font-size:14px\">L\u00f5ikamisel kasutame Cricut Maker digitaalset l\u00f5ikamismasinat.<br>Ligi kaheksa aastane kogemus erinevate Cricut digitaalsete l\u00f5ikamismasinatega on andnud teadmise, et Sinu Cricut Maker masinale sobivad \u00fched seadistused, aga s\u00f5bra masinal vaja n\u00e4iteks survet lisada v\u00f5i sobib \u00fcldse t\u00e4itsa teine seadistus. Seega soovitame enne suurema projekti l\u00f5ikamist alati teha enne test l\u00f5ikamine oma masinaga, et olla kindel \u00f5ige l\u00f5ikamis seadistuse valikus.<br>\u00dcldised soovitused triigitavatele kleebistele: <br>&#8211; kuna tegemist on kuumpress materjalidega, siis tuleb kasutada paigaldamisel triikrauaga ka pisut j\u00f5udu\/pressimist. Siludes triikrauaga v\u00f5ib osade materjalide puhul kuumust v\u00e4heks j\u00e4\u00e4da ja kujundus ei pruugi korralikult kinnituda.<br>&#8211; kangal kasutades soovitame kujunduse joone laiuseks minimaalselt 2,5mm, et v\u00e4ltida kanga kergel venimisel materjali pragunemist.<br>&#8211; peale paigaldust, mitte pesta enne 48 h m\u00f6\u00f6dumist<\/p>\n\n\n\n<p style=\"font-size:13px\"><strong>SILEDA PINNAGA TRIIGITAV KLEEBIS<\/strong><br>Pressimise temperatuur ja aeg: 130 kraadi 10 sekundit. Pealmine kile eemaldada kuumalt!<br>Iron-on sticker and fabric compatibility: 100% cotton, 100% polyester, cotton and polyester blends, lycra and spandex blends and nylon.<br>Hooldus: Masinpesu max 40\u00b0C&nbsp;seestpoolt, kasutades pehmet pesuvahendit.<br>L\u00f5ikamis soovitus Cricut programmis: Everyday Iron-On<\/p>\n\n\n\n<p style=\"font-size:13px\"><strong>HOLO SILEDA PINNAGA TRIIGITAV KLEEBIS<\/strong><br>Pressimise temperatuur ja aeg: 150 kraadi 10 sekundit. Pealmine kile eemaldada jahtunult!<br>Triigitava kleebise ja kanga \u00fchilduvus: 100% puuvill, 100% pol\u00fcester, puuvill ja pol\u00fcester segud.<br>Hooldus: Masinpesu max 40\u00b0C&nbsp;seestpoolt, kasutades pehmet pesuvahendit.<br>L\u00f5ikamis soovitus Cricut programmis: Everyday Iron-On<\/p>\n\n\n\n<p class=\"has-small-font-size\"><strong>FOIL PINNAGA TRIIGITAV KLEEBIS <\/strong><br>Pressimise temperatuur ja aeg: 140 kraadi ja 10 sekundit. Pealmine kile eemaldada jahtunult!<br>Triigitava kleebise ja kanga \u00fchilduvus: 100% puuvill, 100% pol\u00fcester, puuvill ja pol\u00fcester segud.<br>Masinpesu max 40\u00b0C&nbsp;seestpoolt, kasutades pehmet pesuvahendit.<br>L\u00f5ikamise soovitus Cricuti programmis: Foil Iron-On<\/p>\n\n\n\n<p style=\"font-size:13px\"><strong>SAMET PINNAGA TRIIGITAV KLEEBIS<br><\/strong>Pressimise temperatuur ja aeg: 165 kraadi 15 sekundit. Pealmine kile eemaldada leigelt\/k\u00fclmalt!&nbsp;<br>Triigitava kleebise ja kanga \u00fchilduvus: 100% puuvill, 100% pol\u00fcester, puuvill ja pol\u00fcester segud.<br>Hooldus: Masinpesu max 40\u00b0C&nbsp;seestpoolt, kasutades pehmet pesuvahendit.<br>L\u00f5ikamis soovitus Cricut programmis: Everyday Iron-On<\/p>\n\n\n\n<p style=\"font-size:13px\"><strong>GLITTER PINNAGA TRIIGITAV KLEEBIS<\/strong><br>Pressimise temperatuur ja aeg: 150 kraadi 10 sekundit. Pealmine kile eemaldada kuumalt!<br>Iron-on sticker and fabric compatibility: 100% cotton, 100% polyester, cotton and polyester blends<br>Hooldus: Masinpesu max 40\u00b0C&nbsp;seestpoolt, kasutades pehmet pesuvahendit.<br>L\u00f5ikamis soovitus Cricut programmis: Everyday Iron-On v\u00f5i Glitter Iron-On<\/p>\n\n\n\n<p style=\"font-size:13px\"><strong>HELKIVA PINNAGA TRIIGITAV KLEEBIS <\/strong><br>Pressimise temperatuur: 150\u00b0C. Pressimise aeg: 12 sekundit. Pealmine kile eemaldada kuumalt!<br>Materjali ja kanga \u00fchilduvus:&nbsp;100% puuvill, 100% pol\u00fcester,&nbsp;puuvill ja pol\u00fcester segud, katmata nailon.<br>Hooldus: Masinpesu 30\u00b0C \u00fcmberp\u00f6\u00f6ratult, kasutades pehmet pesuvahendit. \u00c4rge kasutage valgendit, kuivatit v\u00f5i puhastage keemiliselt. See k\u00f5ik tagab pikaajalise vastupidavuse kujundusele.NB! Helkival materjalil on tagumisel k\u00fcljel pruunikas l\u00e4bipaistev kile, mis tuleb eemaldada enne l\u00f5ikamist!<br>L\u00f5ikamis soovitus Cricut programmis: Everyday Iron-On<br>NB! Helkival materjalil on tagumisel k\u00fcljel pruunikas l\u00e4bipaistev kile, mis tuleb eemaldada enne l\u00f5ikamist! <\/p>\n\n\n\n<p style=\"font-size:13px\"><strong>PIMEDAS HELENDAVA PINNAGA TRIIGITAV KLEEBIS <\/strong><br>Sobilikud kangad: 100% puuvilll, 100% pol\u00fcester ja puuvilla pol\u00fcestri segu.<br>Kasutamine: L\u00f5ika soovitud kujund\/tekst v\u00e4lja. Ei ole vaja panna peegelpilti kuna materjal tuleb matile panna pealmine pool \u00fcless nii nagu l\u00f5igatakse vin\u00fc\u00fclkleebiseid. Kujunduses soovitame joonelaiusesks minimaalselt 2,5mm. Peale l\u00f5ikamist eemalda \u00fcleliigne. Kata termoteibiga (pakis kaasas) ja eemalda tagumine paber. Paiguta materjalile, kuhu soovid seda panna.<br>Temperatuur: 150 kraadi ja 12 sekundit, keskmiselt pressides.<br>Hooldus: Masinpesu kuni 40\u00b0C, kasutades pehmet pesuainet. \u00c4rge kasutage valgendit. Mitte keemiliselt puhastada. Triikida pahemalt poolt!<\/p>\n\n\n\n<p style=\"font-size:14px\"><strong>3D PUFF TRIIGITAV KLEEBIS <\/strong><br>Pressimise temperatuur ja aeg: Tehase poolsed andmed 140-150 kraadi ja 15-20 sekundit.<br>Triigitava kleebise ja kanga \u00fchilduvus: puuvill, puuvill ja pol\u00fcestersegu!<br>Hooldus: \u00c4rge peske r\u00f5ivast v\u00e4hemalt 48 tundi p\u00e4rast 3D PUFF pealekandmist. Eelistada k\u00e4sipesu v\u00f5i madalal temperatuuril masinaga pesemist.<br>L\u00f5ikamis soovitus Cricut programmis: Everyday Iron-On<br>Paigaldamise soovitus: Kasutasime Cricut Easypress masinat. Temperatuur 150 kraadi ja 15 sekundit meeldis materjali paisumise tulemus k\u00f5ige rohkem. 3D PUFF tahab paidaldamisel tugevat aluspinda (nt puidust l\u00f5ikelaud, mis kannatab kuuma) ja tugevat pressimist. <br>Ei soovita kasutada kitsaid kirjastiile ega disaine, sest materjal paisub ning t\u00fchjad kohad v\u00f5ivad t\u00e4is paisuda.<\/p>\n\n\n\n<p style=\"font-size:14px\"><strong>GLITTER 3D PUFF TRIIGITAV KLEEBIS<\/strong><br>Meie katsetus Cricut Easypress masinaga. Pressida tugeval pinnal (nt l\u00f5ikelaud, mis kannatab kuuma) keskmise survega ja kile eemaldada kuumalt.<br>Temperatuur 140 kraadi ja 10 sekundit &#8211; kerge paisumine (nt. T-s\u00e4rk)<br>Temperatuur 145 kraadi ja 10 sekundit &#8211; keskmine paisumine (nt. T-s\u00e4rk, dressipluus)<br>Temperatuur 150 kraadi ja 10 sekundit &#8211; tugev paisumine ( nt. dressipluus, paksemad kangad)<br>Tehase poolsed andmed 140-145 kraadi ja 8-10 sekundit.<br>L\u00f5ikamis soovitus Cricut programmis: Everyday Iron-On<br>Hooldus: Peale paigaldamist 48 tunni m\u00f6\u00f6dudes k\u00e4sipesu.<\/p>\n\n\n\n<p style=\"font-size:14px\"><strong>TEKSTUURSE PINNAGA TRIIGITAV KLEEBIS<\/strong><br>Mati ja pehme viimistlusega tektuurne triigitav kleebis j\u00e4tab peale paigaldust kergelt 3D efekti.\u00a0Triigitav kleebis on paidlik ning vastupidav. Sobib suurep\u00e4raselt r\u00f5ivaste, kottide jne disainimiseks.<br>The iron-on transfer sticker has two parts: the top part is cut and iron-on, and the bottom part is a transfer film that holds the iron-on transfer sticker in place.<br>Iron-on sticker and fabric compatibility:<strong>\u00a0<\/strong>100% puuvill, 100% pol\u00fcester, puuvill ja pol\u00fcester segud (testida enne peale kandmist).<br>Pressimise temperatuur ja aeg:\u00a0150 kraadi 15 sekundit. Pealmine kile eemaldada jahtunult!<br>Hooldus peale paigaldust<strong>:<\/strong>\u00a0Mitte pesta enne 48 h m\u00f6\u00f6dumist paigaldusest. Masinpesu seestpoolt, kasutades pehmet pesuvahendit. NB! \u00c4rge kasutage valgendit, kuivatit! \u00c4rge puhastage keemiliselt. See k\u00f5ik tagab pikaajalise vastupidavuse kujundusele.<br><br><\/p>\n\n\n\n<p style=\"font-size:16px\">Triigitavaid kleebiseid oleme paigaldanud peale kangaste ka kartongile ja akr\u00fc\u00fclplastist toorikutele, nt kingipakkide siltidele samet pinnaga kleebiste pildid. <br>Pressimismasina pinna kaitseks oleme lisanud k\u00fcpsetuspaberi enne pressimist.<\/p>\n\n\n\n<p class=\"has-text-align-center has-medium-font-size\"><strong>Soovime julgeid katsetamisi erinevate materjalidega ja erinevatel pindadel!<\/strong><br><\/p>\n\n\n\n<p style=\"font-size:13px\"><\/p>\n\n\n\n<p style=\"font-size:13px\"><\/p>\n\n\n\n<p style=\"font-size:13px\"><br><\/p>","protected":false},"excerpt":{"rendered":"<p>Leiad siit triigitavate kleebiste juhendid ja l\u00f5ikamise soovitused. L\u00f5ikamisel kasutame Cricut Maker digitaalset l\u00f5ikamismasinat.Ligi kaheksa aastane kogemus erinevate Cricut digitaalsete l\u00f5ikamismasinatega on andnud teadmise, et Sinu Cricut Maker masinale sobivad \u00fched seadistused, aga s\u00f5bra masinal vaja n\u00e4iteks survet lisada v\u00f5i sobib \u00fcldse t\u00e4itsa teine seadistus. Seega soovitame enne suurema projekti l\u00f5ikamist alati teha enne test<\/p>","protected":false},"author":2,"featured_media":0,"parent":0,"menu_order":0,"comment_status":"closed","ping_status":"closed","template":"","meta":{"footnotes":""},"class_list":["post-16980","page","type-page","status-publish","hentry","prodpage-classic"],"_links":{"self":[{"href":"https:\/\/summerdesign.ee\/en\/wp-json\/wp\/v2\/pages\/16980","targetHints":{"allow":["GET"]}}],"collection":[{"href":"https:\/\/summerdesign.ee\/en\/wp-json\/wp\/v2\/pages"}],"about":[{"href":"https:\/\/summerdesign.ee\/en\/wp-json\/wp\/v2\/types\/page"}],"author":[{"embeddable":true,"href":"https:\/\/summerdesign.ee\/en\/wp-json\/wp\/v2\/users\/2"}],"replies":[{"embeddable":true,"href":"https:\/\/summerdesign.ee\/en\/wp-json\/wp\/v2\/comments?post=16980"}],"version-history":[{"count":12,"href":"https:\/\/summerdesign.ee\/en\/wp-json\/wp\/v2\/pages\/16980\/revisions"}],"predecessor-version":[{"id":21783,"href":"https:\/\/summerdesign.ee\/en\/wp-json\/wp\/v2\/pages\/16980\/revisions\/21783"}],"wp:attachment":[{"href":"https:\/\/summerdesign.ee\/en\/wp-json\/wp\/v2\/media?parent=16980"}],"curies":[{"name":"wp","href":"https:\/\/api.w.org\/{rel}","templated":true}]}}